{"id":100,"date":"2025-11-15T05:30:19","date_gmt":"2025-11-15T05:30:19","guid":{"rendered":"http:\/\/schuster.services\/index.php\/kontakt\/"},"modified":"2025-11-16T05:43:21","modified_gmt":"2025-11-16T05:43:21","slug":"kontakt","status":"publish","type":"page","link":"https:\/\/schuster.services\/index.php\/kontakt\/","title":{"rendered":"Kontakt"},"content":{"rendered":"<div data-colibri-id=\"100-c1\" class=\"style-342 style-local-100-c1 position-relative\">\n  <!---->\n  <div data-colibri-component=\"section\" data-colibri-id=\"100-c2\" id=\"custom-3\" class=\"h-section h-section-global-spacing d-flex align-items-lg-center align-items-md-center align-items-center style-355 style-local-100-c2 position-relative\">\n    <!---->\n    <!---->\n    <div class=\"h-section-grid-container h-section-boxed-container\">\n      <!---->\n      <div data-colibri-id=\"100-c3\" class=\"h-row-container gutters-row-lg-0 gutters-row-md-0 gutters-row-0 gutters-row-v-lg-0 gutters-row-v-md-0 gutters-row-v-0 style-356 style-local-100-c3 position-relative\">\n        <!---->\n        <div class=\"h-row justify-content-lg-center justify-content-md-center justify-content-center align-items-lg-stretch align-items-md-stretch align-items-stretch gutters-col-lg-0 gutters-col-md-0 gutters-col-0 gutters-col-v-lg-0 gutters-col-v-md-0 gutters-col-v-0\">\n          <!---->\n          <div class=\"h-column h-column-container d-flex h-col-lg-auto h-col-md-auto h-col-auto style-357-outer style-local-100-c4-outer\">\n            <div data-colibri-id=\"100-c4\" class=\"d-flex h-flex-basis h-column__inner h-ui-empty-state-container h-px-lg-0 h-px-md-0 h-px-0 v-inner-lg-0 v-inner-md-0 v-inner-0 style-357 style-local-100-c4 position-relative\">\n              <!---->\n              <!---->\n              <div class=\"w-100 h-y-container h-column__content h-column__v-align flex-basis-100\">\n                <!---->\n              <\/div>\n            <\/div>\n          <\/div>\n          <div class=\"h-column h-column-container d-flex h-col-lg-auto h-col-md-auto h-col-auto style-358-outer style-local-100-c5-outer\">\n            <div data-colibri-id=\"100-c5\" class=\"d-flex h-flex-basis h-column__inner h-px-lg-0 h-px-md-0 h-px-0 v-inner-lg-0 v-inner-md-0 v-inner-0 style-358 style-local-100-c5 position-relative\">\n              <!---->\n              <!---->\n              <div class=\"w-100 h-y-container h-column__content h-column__v-align flex-basis-100 align-self-lg-start align-self-md-start align-self-start\">\n                <!---->\n                <div data-colibri-id=\"100-c6\" class=\"style-354 style-local-100-c6 position-relative h-element\">\n                  <!---->\n                  <div class=\"\"><div class=\"forminator-ui forminator-custom-form forminator-custom-form-129 forminator-design--default  \" data-forminator-render=\"0\" data-form=\"forminator-module-129\" data-uid=\"69d97060daa23\"><br\/><\/div><form\n\t\t\t\tid=\"forminator-module-129\"\n\t\t\t\tclass=\"forminator-ui forminator-custom-form forminator-custom-form-129 forminator-design--default  \"\n\t\t\t\tmethod=\"post\"\n\t\t\t\tdata-forminator-render=\"0\"\n\t\t\t\tdata-form-id=\"129\"\n\t\t\t\t data-color-option=\"theme\" data-design=\"default\" data-grid=\"open\" style=\"display: none;\"\n\t\t\t\tdata-uid=\"69d97060daa23\"\n\t\t\t><div role=\"alert\" aria-live=\"polite\" class=\"forminator-response-message forminator-error\" aria-hidden=\"true\"><\/div><div class=\"forminator-row\"><div id=\"name-3\" class=\"forminator-field-name forminator-col forminator-col-12 \"><div class=\"forminator-field\"><label for=\"forminator-field-name-3_69d97060daa23\" id=\"forminator-field-name-3_69d97060daa23-label\" class=\"forminator-label\">Unternehmen <span class=\"forminator-required\">*<\/span><\/label><input type=\"text\" name=\"name-3\" value=\"\" placeholder=\"\" id=\"forminator-field-name-3_69d97060daa23\" class=\"forminator-input forminator-name--field\" aria-required=\"true\" autocomplete=\"name\" \/><\/div><\/div><\/div><div class=\"forminator-row\"><div id=\"name-1\" class=\"forminator-field-name forminator-col forminator-col-6 \"><div class=\"forminator-field\"><label for=\"forminator-field-name-1_69d97060daa23\" id=\"forminator-field-name-1_69d97060daa23-label\" class=\"forminator-label\">Vorname <span class=\"forminator-required\">*<\/span><\/label><input type=\"text\" name=\"name-1\" value=\"\" placeholder=\"\" id=\"forminator-field-name-1_69d97060daa23\" class=\"forminator-input forminator-name--field\" aria-required=\"true\" autocomplete=\"name\" \/><\/div><\/div><div id=\"name-2\" class=\"forminator-field-name forminator-col forminator-col-6 \"><div class=\"forminator-field\"><label for=\"forminator-field-name-2_69d97060daa23\" id=\"forminator-field-name-2_69d97060daa23-label\" class=\"forminator-label\">Nachname <span class=\"forminator-required\">*<\/span><\/label><input type=\"text\" name=\"name-2\" value=\"\" placeholder=\"\" id=\"forminator-field-name-2_69d97060daa23\" class=\"forminator-input forminator-name--field\" aria-required=\"true\" autocomplete=\"name\" \/><\/div><\/div><\/div><div class=\"forminator-row\"><div id=\"radio-1\" class=\"forminator-field-radio forminator-col forminator-col-12 \"><div role=\"radiogroup\" class=\"forminator-field\" aria-labelledby=\"forminator-radiogroup-radio-1-69d97060daa23-label\"><span id=\"forminator-radiogroup-radio-1-69d97060daa23-label\" class=\"forminator-label\">Wie m\u00f6chten Sie kontaktiert werden? <span class=\"forminator-required\">*<\/span><\/span><label id=\"forminator-field-radio-1-label-1\" for=\"forminator-field-radio-1-1-69d97060daa23\" class=\"forminator-radio forminator-radio-inline\" title=\"Mail\"><input type=\"radio\" name=\"radio-1\" value=\"one\" id=\"forminator-field-radio-1-1-69d97060daa23\" aria-labelledby=\"forminator-field-radio-1-label-1\" data-calculation=\"0\"   data-hidden-behavior=\"zero\"\/><span class=\"forminator-radio-bullet\" aria-hidden=\"true\"><\/span><span class=\"forminator-radio-label\">Mail<\/span><\/label><label id=\"forminator-field-radio-1-label-2\" for=\"forminator-field-radio-1-2-69d97060daa23\" class=\"forminator-radio forminator-radio-inline\" title=\"Telefon\"><input type=\"radio\" name=\"radio-1\" value=\"two\" id=\"forminator-field-radio-1-2-69d97060daa23\" aria-labelledby=\"forminator-field-radio-1-label-2\" data-calculation=\"0\"   data-hidden-behavior=\"zero\"\/><span class=\"forminator-radio-bullet\" aria-hidden=\"true\"><\/span><span class=\"forminator-radio-label\">Telefon<\/span><\/label><\/div><\/div><\/div><div class=\"forminator-row\"><div id=\"email-1\" class=\"forminator-field-email forminator-col forminator-col-6 \"><div class=\"forminator-field\"><label for=\"forminator-field-email-1_69d97060daa23\" id=\"forminator-field-email-1_69d97060daa23-label\" class=\"forminator-label\">E-Mail-Adresse <span class=\"forminator-required\">*<\/span><\/label><input type=\"email\" name=\"email-1\" value=\"\" placeholder=\"\" id=\"forminator-field-email-1_69d97060daa23\" class=\"forminator-input forminator-email--field\" data-required=\"true\" aria-required=\"true\" autocomplete=\"email\" \/><\/div><\/div><div id=\"phone-1\" class=\"forminator-field-phone forminator-col forminator-col-6 \"><div class=\"forminator-field\"><label for=\"forminator-field-phone-1_69d97060daa23\" id=\"forminator-field-phone-1_69d97060daa23-label\" class=\"forminator-label\">Telefonnummer <span class=\"forminator-required\">*<\/span><\/label><input type=\"text\" name=\"phone-1\" value=\"\" placeholder=\"\" id=\"forminator-field-phone-1_69d97060daa23\" class=\"forminator-input forminator-field--phone\" data-required=\"1\" aria-required=\"true\" autocomplete=\"off\" \/><\/div><\/div><\/div><div class=\"forminator-row\"><div id=\"textarea-1\" class=\"forminator-field-textarea forminator-col forminator-col-12 \"><div class=\"forminator-field\"><label for=\"forminator-field-textarea-1_69d97060daa23\" id=\"forminator-field-textarea-1_69d97060daa23-label\" class=\"forminator-label\">Nachricht <span class=\"forminator-required\">*<\/span><\/label><textarea name=\"textarea-1\" placeholder=\"\" id=\"forminator-field-textarea-1_69d97060daa23\" class=\"forminator-textarea\" rows=\"6\" style=\"min-height:250px;\" maxlength=\"2500\" ><\/textarea><span id=\"forminator-field-textarea-1_69d97060daa23-description\" class=\"forminator-description\"><span data-limit=\"2500\" data-type=\"characters\" data-editor=\"\">0 \/ 2500<\/span><\/span><\/div><\/div><\/div><div class=\"forminator-row\"><div id=\"consent-1\" class=\"forminator-field-consent forminator-col forminator-col-12 \"><div class=\"forminator-field\"><label for=\"forminator-field-consent-1_69d97060daa23\" id=\"forminator-field-consent-1_69d97060daa23-label\" class=\"forminator-label\">Consent <span class=\"forminator-required\">*<\/span><\/label><div class=\"forminator-checkbox__wrapper\"><label id=\"forminator-field-consent-1_69d97060daa23__label\" class=\"forminator-checkbox forminator-consent\"><input type=\"checkbox\" name=\"consent-1\" id=\"forminator-field-consent-1_69d97060daa23\" value=\"checked\" aria-labelledby=\"forminator-field-consent-1_69d97060daa23-label\" aria-describedby=\"forminator-field-consent-1_69d97060daa23__description\" data-required=\"true\" aria-required=\"true\" \/><span class=\"forminator-checkbox-box\" aria-hidden=\"true\"><\/span><\/label><div id=\"forminator-field-consent-1_69d97060daa23__description\" class=\"forminator-checkbox__label forminator-consent__label\"><p>Ich habe die <a href=\"http:\/\/schuster.services\/index.php\/datenschutzerklaerung\/\">Datenschutzerkl\u00e4rung<\/a> zur Kenntnis genommen.<\/p><\/div><\/div><\/div><\/div><\/div><div class=\"forminator-row\" style=\"margin: 0;\"><div id=\"captcha-1\" class=\"forminator-field-captcha  forminator-col-12 \"><div class=\"forminator-captcha-left forminator-g-recaptcha recaptcha-invisible\" data-theme=\"light\" data-badge=\"bottomright\" data-sitekey=\"6Lfsqg0sAAAAAG521-kbDdA5JQ3st5LgZbKvFHEg\" data-size=\"invisible\"><\/div> <\/div><\/div><input type=\"hidden\" name=\"referer_url\" value=\"\" \/><div class=\"forminator-row forminator-row-last\"><div class=\"forminator-col\"><div class=\"forminator-field\"><button class=\"forminator-button forminator-button-submit\">Absenden<\/button><\/div><\/div><\/div><input type=\"hidden\" id=\"forminator_nonce\" name=\"forminator_nonce\" value=\"22a54fbc9d\" \/><input type=\"hidden\" name=\"_wp_http_referer\" value=\"\/index.php\/wp-json\/wp\/v2\/pages\/100\" \/><input type=\"hidden\" name=\"form_id\" value=\"129\"><input type=\"hidden\" name=\"page_id\" value=\"100\"><input type=\"hidden\" name=\"form_type\" value=\"default\"><input type=\"hidden\" name=\"current_url\" value=\"https:\/\/schuster.services\/index.php\/kontakt\/\"><input type=\"hidden\" name=\"render_id\" value=\"0\"><input type=\"hidden\" name=\"action\" value=\"forminator_submit_form_custom-forms\"><label for=\"input_9\" class=\"forminator-hidden\" aria-hidden=\"true\">Bitte f\u00fclle dieses Feld nicht aus. <input id=\"input_9\" type=\"text\" name=\"input_9\" value=\"\" autocomplete=\"off\"><\/label><\/form><\/div>\n                <\/div>\n              <\/div>\n            <\/div>\n          <\/div>\n          <div class=\"h-column h-column-container d-flex h-col-lg-auto h-col-md-auto h-col-auto style-359-outer style-local-100-c7-outer\">\n            <div data-colibri-id=\"100-c7\" class=\"d-flex h-flex-basis h-column__inner h-ui-empty-state-container h-px-lg-0 h-px-md-0 h-px-0 v-inner-lg-0 v-inner-md-0 v-inner-0 style-359 style-local-100-c7 position-relative\">\n              <!---->\n              <!---->\n              <div class=\"w-100 h-y-container h-column__content h-column__v-align flex-basis-100\">\n                <!---->\n              <\/div>\n            <\/div>\n          <\/div>\n        <\/div>\n      <\/div>\n    <\/div>\n  <\/div>\n  <div data-colibri-component=\"section\" data-colibri-id=\"100-c8\" id=\"custom\" class=\"h-section h-section-global-spacing d-flex align-items-lg-center align-items-md-center align-items-center style-506 style-local-100-c8 position-relative\">\n    <!---->\n    <!---->\n    <div class=\"h-section-grid-container h-section-boxed-container\">\n      <!---->\n      <div data-colibri-id=\"100-c9\" class=\"h-row-container gutters-row-lg-2 gutters-row-md-2 gutters-row-0 gutters-row-v-lg-2 gutters-row-v-md-2 gutters-row-v-2 style-512 style-local-100-c9 position-relative\">\n        <!---->\n        <div class=\"h-row justify-content-lg-center justify-content-md-center justify-content-center align-items-lg-stretch align-items-md-stretch align-items-stretch gutters-col-lg-2 gutters-col-md-2 gutters-col-0 gutters-col-v-lg-2 gutters-col-v-md-2 gutters-col-v-2\">\n          <!---->\n          <div class=\"h-column h-column-container d-flex h-col-lg-auto h-col-md-auto h-col-auto style-513-outer style-local-100-c10-outer\">\n            <div data-colibri-id=\"100-c10\" class=\"d-flex h-flex-basis h-column__inner h-px-lg-2 h-px-md-2 h-px-2 v-inner-lg-2 v-inner-md-2 v-inner-2 style-513 style-local-100-c10 position-relative\">\n              <!---->\n              <!---->\n              <div class=\"w-100 h-y-container h-column__content h-column__v-align flex-basis-100 align-self-lg-start align-self-md-start align-self-start\">\n                <!---->\n                <div data-colibri-id=\"100-c11\" class=\"h-text h-text-component style-514 style-local-100-c11 position-relative h-element\">\n                  <!---->\n                  <!---->\n                  <div class=\"\">\n                    <p>Alternativ stehen Ihnen auch weitere Kontaktm\u00f6glichkeiten zur Verf\u00fcgung<\/p>\n                  <\/div>\n                <\/div>\n              <\/div>\n            <\/div>\n          <\/div>\n        <\/div>\n      <\/div>\n      <div data-colibri-id=\"100-c12\" class=\"h-row-container gutters-row-lg-2 gutters-row-md-2 gutters-row-0 gutters-row-v-lg-2 gutters-row-v-md-2 gutters-row-v-2 style-507 style-local-100-c12 position-relative\">\n        <!---->\n        <div class=\"h-row justify-content-lg-center justify-content-md-center justify-content-center align-items-lg-stretch align-items-md-stretch align-items-stretch gutters-col-lg-2 gutters-col-md-2 gutters-col-0 gutters-col-v-lg-2 gutters-col-v-md-2 gutters-col-v-2\">\n          <!---->\n          <div class=\"h-column h-column-container d-flex h-col-lg-auto h-col-md-auto h-col-auto style-508-outer style-local-100-c13-outer\">\n            <div data-colibri-id=\"100-c13\" class=\"d-flex h-flex-basis h-column__inner h-px-lg-2 h-px-md-2 h-px-2 v-inner-lg-2 v-inner-md-2 v-inner-2 style-508 style-local-100-c13 position-relative\">\n              <!---->\n              <!---->\n              <div class=\"w-100 h-y-container h-column__content h-column__v-align flex-basis-100 align-self-lg-start align-self-md-start align-self-start\">\n                <!---->\n                <div data-colibri-id=\"100-c14\" class=\"h-text h-text-component style-510 style-local-100-c14 position-relative h-element\">\n                  <!---->\n                  <!---->\n                  <div class=\"\">\n                    <p><span style=\"color: rgb(70, 112, 127); font-family: &quot;Open Sans&quot;; font-size: 16px; font-weight: 600;\">Mail<\/span><span style=\"color: rgb(70, 112, 127); font-family: &quot;Open Sans&quot;; font-size: 16px; font-weight: 400;\"> <\/span>\n                      <a\n                        href=\"mailto:stefan@schuster.services\" style=\"color: rgb(70, 112, 127); font-family: &quot;Open Sans&quot;; font-size: 16px; font-weight: 400;\">stefan@schuster.services<\/a>\n                    <\/p>\n                    <p><span style=\"font-weight: 600;\">Tel<\/span>\n                      <a href=\"tel:+4915156309871\">+49 151 5630 9871<\/a>\n                    <\/p>\n                    <p>(der QR-Code enth\u00e4lt eine virtuelle Visitenkarte (vCard))<\/p>\n                  <\/div>\n                <\/div>\n              <\/div>\n            <\/div>\n          <\/div>\n          <div class=\"h-column h-column-container d-flex h-col-lg-auto h-col-md-auto h-col-auto style-509-outer style-local-100-c15-outer\">\n            <div data-colibri-id=\"100-c15\" class=\"d-flex h-flex-basis h-column__inner h-px-lg-2 h-px-md-2 h-px-2 v-inner-lg-2 v-inner-md-2 v-inner-2 style-509 style-local-100-c15 position-relative\">\n              <!---->\n              <!---->\n              <div class=\"w-100 h-y-container h-column__content h-column__v-align flex-basis-100 align-self-lg-start align-self-md-start align-self-start\">\n                <!---->\n                <div data-colibri-id=\"100-c16\" class=\"d-block style-511 style-local-100-c16 position-relative h-element\">\n                  <!---->\n                  <div class=\"h-image__frame-container-outer\">\n                    <div class=\"h-image__frame-container\">\n                      <!---->\n                      <!---->\n                      <img loading=\"lazy\" decoding=\"async\" width=\"2337\" height=\"2348\" src=\"https:\/\/schuster.services\/wp-content\/uploads\/2025\/11\/cropped-vcf-Stefan_Schuster-scaled-1.png\" class=\"wp-image-410 style-511-image style-local-100-c16-image\" alt=\"\" srcset=\"https:\/\/schuster.services\/wp-content\/uploads\/2025\/11\/cropped-vcf-Stefan_Schuster-scaled-1.png 2337w, https:\/\/schuster.services\/wp-content\/uploads\/2025\/11\/cropped-vcf-Stefan_Schuster-scaled-1-300x300.png 300w, https:\/\/schuster.services\/wp-content\/uploads\/2025\/11\/cropped-vcf-Stefan_Schuster-scaled-1-1019x1024.png 1019w, https:\/\/schuster.services\/wp-content\/uploads\/2025\/11\/cropped-vcf-Stefan_Schuster-scaled-1-150x150.png 150w, https:\/\/schuster.services\/wp-content\/uploads\/2025\/11\/cropped-vcf-Stefan_Schuster-scaled-1-768x772.png 768w, https:\/\/schuster.services\/wp-content\/uploads\/2025\/11\/cropped-vcf-Stefan_Schuster-scaled-1-1529x1536.png 1529w, https:\/\/schuster.services\/wp-content\/uploads\/2025\/11\/cropped-vcf-Stefan_Schuster-scaled-1-2038x2048.png 2038w\" sizes=\"auto, (max-width: 2337px) 100vw, 2337px\" \/>\n                      <div class=\"h-image__frame h-hide-lg h-hide-md h-hide-sm style-511-frameImage style-local-100-c16-frameImage\"><\/div>\n                    <\/div>\n                  <\/div>\n                <\/div>\n              <\/div>\n            <\/div>\n          <\/div>\n        <\/div>\n      <\/div>\n    <\/div>\n  <\/div>\n<\/div>","protected":false},"excerpt":{"rendered":"<p>Alternativ stehen Ihnen auch weitere Kontaktm\u00f6glichkeiten zur Verf\u00fcgung Mail stefan@schuster.services Tel +49 151 5630 9871 (der QR-Code enth\u00e4lt eine virtuelle Visitenkarte (vCard))<\/p>\n","protected":false},"author":1,"featured_media":0,"parent":0,"menu_order":0,"comment_status":"closed","ping_status":"closed","template":"page-templates\/full-width-page.php","meta":{"footnotes":""},"class_list":["post-100","page","type-page","status-publish","hentry"],"_links":{"self":[{"href":"https:\/\/schuster.services\/index.php\/wp-json\/wp\/v2\/pages\/100","targetHints":{"allow":["GET"]}}],"collection":[{"href":"https:\/\/schuster.services\/index.php\/wp-json\/wp\/v2\/pages"}],"about":[{"href":"https:\/\/schuster.services\/index.php\/wp-json\/wp\/v2\/types\/page"}],"author":[{"embeddable":true,"href":"https:\/\/schuster.services\/index.php\/wp-json\/wp\/v2\/users\/1"}],"replies":[{"embeddable":true,"href":"https:\/\/schuster.services\/index.php\/wp-json\/wp\/v2\/comments?post=100"}],"version-history":[{"count":12,"href":"https:\/\/schuster.services\/index.php\/wp-json\/wp\/v2\/pages\/100\/revisions"}],"predecessor-version":[{"id":521,"href":"https:\/\/schuster.services\/index.php\/wp-json\/wp\/v2\/pages\/100\/revisions\/521"}],"wp:attachment":[{"href":"https:\/\/schuster.services\/index.php\/wp-json\/wp\/v2\/media?parent=100"}],"curies":[{"name":"wp","href":"https:\/\/api.w.org\/{rel}","templated":true}]}}